{"id":80,"date":"2026-01-07T21:08:15","date_gmt":"2026-01-07T20:08:15","guid":{"rendered":"https:\/\/finca-fuentevieja.com\/?page_id=80"},"modified":"2026-03-27T10:40:04","modified_gmt":"2026-03-27T09:40:04","slug":"journal","status":"publish","type":"page","link":"https:\/\/finca-fuentevieja.com\/it\/journal\/","title":{"rendered":"Journal"},"content":{"rendered":"<div data-elementor-type=\"wp-page\" data-elementor-id=\"80\" class=\"elementor elementor-80\">\n\t\t\t\t<div class=\"elementor-element elementor-element-67aa35b e-grid e-con-boxed e-con e-parent\" data-id=\"67aa35b\" data-element_type=\"container\" data-e-type=\"container\" data-settings=\"{&quot;background_background&quot;:&quot;classic&quot;}\">\n\t\t\t\t\t<div class=\"e-con-inner\">\n\t\t\t\t<div class=\"elementor-element elementor-element-d481913 elementor-widget elementor-widget-text-editor\" data-id=\"d481913\" data-element_type=\"widget\" data-e-type=\"widget\" data-widget_type=\"text-editor.default\">\n\t\t\t\t\t\t\t\t\t<h1><span style=\"color: #ffffff;\">Journal<\/span><\/h1><p><span style=\"color: #ffffff;\">Il Journal della Finca Fuente Vieja rende visibile lo sviluppo. \u00c8 il luogo in cui impressioni, progressi e dati si incontrano \u2013 in modo diretto, continuo e trasparente. Qui viene documentato ci\u00f2 che accade sul posto: i viaggi alla Finca, le attivit\u00e0 concrete, i cambiamenti del territorio e i risultati delle misure in corso.<\/span><\/p><p><span style=\"color: #ffffff;\">In questa sezione confluiscono sia testimonianze personali sia evidenze oggettive. Fotografie, dati di misurazione e report di avanzamento completano i racconti di viaggio e le istantanee della vita quotidiana della piantagione. Ne nasce un archivio vivo, che mostra come dalle decisioni nasca, passo dopo passo, la realt\u00e0.<\/span><\/p>\t\t\t\t\t\t\t\t<\/div>\n\t\t\t\t<div class=\"elementor-element elementor-element-38fe506 elementor-widget elementor-widget-image\" data-id=\"38fe506\" data-element_type=\"widget\" data-e-type=\"widget\" data-widget_type=\"image.default\">\n\t\t\t\t\t\t\t\t\t\t\t\t\t\t\t<img fetchpriority=\"high\" decoding=\"async\" width=\"768\" height=\"1024\" src=\"https:\/\/finca-fuentevieja.com\/wp-content\/uploads\/2026\/01\/finca-8-768x1024.jpg\" class=\"attachment-large size-large wp-image-191\" alt=\"\" srcset=\"https:\/\/finca-fuentevieja.com\/wp-content\/uploads\/2026\/01\/finca-8-768x1024.jpg 768w, https:\/\/finca-fuentevieja.com\/wp-content\/uploads\/2026\/01\/finca-8-225x300.jpg 225w, https:\/\/finca-fuentevieja.com\/wp-content\/uploads\/2026\/01\/finca-8-9x12.jpg 9w, https:\/\/finca-fuentevieja.com\/wp-content\/uploads\/2026\/01\/finca-8.jpg 1000w\" sizes=\"(max-width: 768px) 100vw, 768px\" \/>\t\t\t\t\t\t\t\t\t\t\t\t\t\t\t<\/div>\n\t\t\t\t\t<\/div>\n\t\t\t\t<\/div>\n\t\t\t\t<\/div>","protected":false},"excerpt":{"rendered":"<p>Journal Das Journal der Finca Fuente Vieja macht Entwicklung sichtbar. Es ist der Ort, an dem Eindr\u00fccke, Fortschritte und Daten zusammenkommen \u2013 ungefiltert, fortlaufend und nachvollziehbar. Hier wird dokumentiert, was vor Ort geschieht: Reisen auf die Finca, konkrete Arbeitsschritte, Ver\u00e4nderungen im Land und die Ergebnisse laufender Ma\u00dfnahmen. Unter diesem Abschnitt b\u00fcndeln wir pers\u00f6nliche Einblicke und [&hellip;]<\/p>\n","protected":false},"author":1,"featured_media":0,"parent":0,"menu_order":0,"comment_status":"closed","ping_status":"closed","template":"","meta":{"footnotes":""},"class_list":["post-80","page","type-page","status-publish","hentry"],"blocksy_meta":[],"_links":{"self":[{"href":"https:\/\/finca-fuentevieja.com\/it\/wp-json\/wp\/v2\/pages\/80","targetHints":{"allow":["GET"]}}],"collection":[{"href":"https:\/\/finca-fuentevieja.com\/it\/wp-json\/wp\/v2\/pages"}],"about":[{"href":"https:\/\/finca-fuentevieja.com\/it\/wp-json\/wp\/v2\/types\/page"}],"author":[{"embeddable":true,"href":"https:\/\/finca-fuentevieja.com\/it\/wp-json\/wp\/v2\/users\/1"}],"replies":[{"embeddable":true,"href":"https:\/\/finca-fuentevieja.com\/it\/wp-json\/wp\/v2\/comments?post=80"}],"version-history":[{"count":19,"href":"https:\/\/finca-fuentevieja.com\/it\/wp-json\/wp\/v2\/pages\/80\/revisions"}],"predecessor-version":[{"id":703,"href":"https:\/\/finca-fuentevieja.com\/it\/wp-json\/wp\/v2\/pages\/80\/revisions\/703"}],"wp:attachment":[{"href":"https:\/\/finca-fuentevieja.com\/it\/wp-json\/wp\/v2\/media?parent=80"}],"curies":[{"name":"wp","href":"https:\/\/api.w.org\/{rel}","templated":true}]}}